{"id":15440,"date":"2021-05-18T08:19:02","date_gmt":"2021-05-18T08:19:02","guid":{"rendered":"https:\/\/www.gozdnimoz.si\/?post_type=product&#038;p=15440"},"modified":"2021-05-28T12:40:52","modified_gmt":"2021-05-28T12:40:52","slug":"wooden-necklace-krivan-special-edition","status":"publish","type":"product","link":"https:\/\/www.gozdnimoz.si\/en\/product\/wooden-necklace-krivan-special-edition\/","title":{"rendered":"Wooden necklace Kriv\u00e1\u0148 &#8211; SPECIAL EDITION"},"content":{"rendered":"<p style=\"text-align: left;\">PASSION FOR MOUNTAINS<\/p>\n<p>The exceptionally attractive mountain, full of gold mines, surrounded by many legends and myths has inspired us to create a special Tatra collection of wooden jewelry in cooperation with Dana Ivanovov\u00e1.<\/p>\n<p><img loading=\"lazy\" decoding=\"async\" class=\" wd-lazy-fade size-full wp-image-15463\" src=\"https:\/\/www.gozdnimoz.si\/wp-content\/themes\/woodmart\/images\/lazy.svg\" data-src=\"https:\/\/www.gozdnimoz.si\/wp-content\/uploads\/2021\/04\/DANA-KRIVAN-MOUNTAIN.jpg\" alt=\"\" width=\"600\" height=\"800\" srcset=\"\" data-srcset=\"https:\/\/www.gozdnimoz.si\/wp-content\/uploads\/2021\/04\/DANA-KRIVAN-MOUNTAIN.jpg 600w, https:\/\/www.gozdnimoz.si\/wp-content\/uploads\/2021\/04\/DANA-KRIVAN-MOUNTAIN-150x200.jpg 150w\" sizes=\"auto, (max-width: 600px) 100vw, 600px\" \/><\/p>\n<p>LEGENDARY PEAK<\/p>\n<p>The Kriv\u00e1\u0148 Mt. (2,494 m) is a stout peak in the western part of the High Tatras. This mountain is a multiple winner of enquiries about the most beautiful mountain in Slovakia. It is easily recognisable for its<br \/>\nconspicuously curved summit, which is the reason why it is called<br \/>\nKriv\u00e1\u0148 (in English Curved Mount).<\/p>\n<p>As the mountain Kriv\u00e1\u0148 is considered the symbol of the national pride, in the 19th century pilgrimages Slovak patriots and enthusiasts to the topof this mountain were organized. This tradition recently revived.<\/p>\n<p>SLOVAK<\/p>\n<p>V\u00e1\u0161e\u0148 pre hory<\/p>\n<p>In\u0161pirovali sme sa kr\u00e1sou tohoto tatransk\u00e9ho\u00a0\u0161t\u00edtu s bohatou ban\u00edckou hist\u00f3riou, ktor\u00fd je\u00a0 opraden\u00fd mnoh\u00fdmi poves\u0165ami a legendami a\u00a0vytvorili sme pre V\u00e1s \u0161peci\u00e1lnu tatransk\u00fa kolekciu dreven\u00fdch \u0161perkov v spolupr\u00e1ci s Danou Ivanovovou.<\/p>\n<p><img loading=\"lazy\" decoding=\"async\" class=\" wd-lazy-fade size-full wp-image-15475\" src=\"https:\/\/www.gozdnimoz.si\/wp-content\/themes\/woodmart\/images\/lazy.svg\" data-src=\"https:\/\/www.gozdnimoz.si\/wp-content\/uploads\/2021\/05\/DANA-NECKLACE-MOUNTAIN.jpg\" alt=\"\" width=\"600\" height=\"800\" srcset=\"\" data-srcset=\"https:\/\/www.gozdnimoz.si\/wp-content\/uploads\/2021\/05\/DANA-NECKLACE-MOUNTAIN.jpg 600w, https:\/\/www.gozdnimoz.si\/wp-content\/uploads\/2021\/05\/DANA-NECKLACE-MOUNTAIN-150x200.jpg 150w\" sizes=\"auto, (max-width: 600px) 100vw, 600px\" \/><\/p>\n<p>\u0160t\u00edt \u0161t\u00edtov<\/p>\n<p>Kriv\u00e1\u0148 (2494m) je mohutn\u00fd vrchol v z\u00e1padnej \u010dasti Vysok\u00fdch Tatier. Tento \u0161t\u00edt je jedn\u00fdm z najkraj\u0161\u00edch na Slovensku. Je \u013eahko rozpoznate\u013en\u00fd v\u010faka n\u00e1padne zakriven\u00e9mu vrcholu, odkia\u013e poch\u00e1dza aj jeho n\u00e1zov.<\/p>\n<p>Ke\u010f\u017ee je Kriv\u00e1\u0148 pova\u017eovan\u00fd za symbol n\u00e1rodnej hrdosti, v 19. storo\u010d\u00ed sa organizovali p\u00fate slovensk\u00fdch vlastencov a nad\u0161encov na vrchol tejto hory. T\u00e1to trad\u00edcia st\u00e1le pretrv\u00e1va.<\/p>\n","protected":false},"excerpt":{"rendered":"<p>A necklace with a mountain Kriv\u00e1\u0148 from Tatra collection in cooperation with Dana Ivanovov\u00e1.<\/p>\n<p>Size: 2,5cm<\/p>\n","protected":false},"featured_media":15466,"comment_status":"closed","ping_status":"closed","template":"","meta":[],"product_brand":[],"product_cat":[680,899],"product_tag":[],"class_list":{"0":"post-15440","1":"product","2":"type-product","3":"status-publish","4":"has-post-thumbnail","6":"product_cat-wooden-jewellery","7":"product_cat-wooden-necklace","9":"first","10":"instock","11":"taxable","12":"shipping-taxable","13":"purchasable","14":"product-type-variable"},"yoast_head":"<!-- This site is optimized with the Yoast SEO plugin v27.5 - https:\/\/yoast.com\/product\/yoast-seo-wordpress\/ -->\n<title>Wooden necklace Kriv\u00e1\u0148 - SPECIAL EDITION - Gozdni mo\u017e<\/title>\n<meta name=\"description\" content=\"A necklace with a mountain Kriv\u00e1\u0148 from Tatra collection in cooperation with Dana Ivanovov\u00e1.\" \/>\n<meta name=\"robots\" content=\"index, follow, max-snippet:-1, max-image-preview:large, max-video-preview:-1\" \/>\n<link rel=\"canonical\" href=\"https:\/\/www.gozdnimoz.si\/product\/wooden-necklace-krivan-special-edition\/?lang=en\" \/>\n<meta property=\"og:locale\" content=\"en_US\" \/>\n<meta property=\"og:type\" content=\"article\" \/>\n<meta property=\"og:title\" content=\"Wooden necklace Kriv\u00e1\u0148 - SPECIAL EDITION - Gozdni mo\u017e\" \/>\n<meta property=\"og:description\" content=\"A necklace with a mountain Kriv\u00e1\u0148 from Tatra collection in cooperation with Dana Ivanovov\u00e1.\" \/>\n<meta property=\"og:url\" content=\"https:\/\/www.gozdnimoz.si\/product\/wooden-necklace-krivan-special-edition\/?lang=en\" \/>\n<meta property=\"og:site_name\" content=\"Gozdni mo\u017e\" \/>\n<meta property=\"article:publisher\" content=\"https:\/\/www.facebook.com\/Gozdnimoz1\/\" \/>\n<meta property=\"article:modified_time\" content=\"2021-05-28T12:40:52+00:00\" \/>\n<meta property=\"og:image\" content=\"https:\/\/www.gozdnimoz.si\/wp-content\/uploads\/2021\/05\/DANA-IVANOVA.jpg\" \/>\n\t<meta property=\"og:image:width\" content=\"720\" \/>\n\t<meta property=\"og:image:height\" content=\"720\" \/>\n\t<meta property=\"og:image:type\" content=\"image\/jpeg\" \/>\n<meta name=\"twitter:card\" content=\"summary_large_image\" \/>\n<meta name=\"twitter:label1\" content=\"Est. reading time\" \/>\n\t<meta name=\"twitter:data1\" content=\"2 minutes\" \/>\n<script type=\"application\/ld+json\" class=\"yoast-schema-graph\">{\"@context\":\"https:\\\/\\\/schema.org\",\"@graph\":[{\"@type\":\"WebPage\",\"@id\":\"https:\\\/\\\/www.gozdnimoz.si\\\/product\\\/wooden-necklace-krivan-special-edition\\\/?lang=en\",\"url\":\"https:\\\/\\\/www.gozdnimoz.si\\\/product\\\/wooden-necklace-krivan-special-edition\\\/?lang=en\",\"name\":\"Wooden necklace Kriv\u00e1\u0148 - SPECIAL EDITION - Gozdni mo\u017e\",\"isPartOf\":{\"@id\":\"https:\\\/\\\/www.gozdnimoz.si\\\/#website\"},\"primaryImageOfPage\":{\"@id\":\"https:\\\/\\\/www.gozdnimoz.si\\\/product\\\/wooden-necklace-krivan-special-edition\\\/?lang=en#primaryimage\"},\"image\":{\"@id\":\"https:\\\/\\\/www.gozdnimoz.si\\\/product\\\/wooden-necklace-krivan-special-edition\\\/?lang=en#primaryimage\"},\"thumbnailUrl\":\"https:\\\/\\\/www.gozdnimoz.si\\\/wp-content\\\/uploads\\\/2021\\\/05\\\/DANA-IVANOVA.jpg\",\"datePublished\":\"2021-05-18T08:19:02+00:00\",\"dateModified\":\"2021-05-28T12:40:52+00:00\",\"description\":\"A necklace with a mountain Kriv\u00e1\u0148 from Tatra collection in cooperation with Dana Ivanovov\u00e1.\",\"breadcrumb\":{\"@id\":\"https:\\\/\\\/www.gozdnimoz.si\\\/product\\\/wooden-necklace-krivan-special-edition\\\/?lang=en#breadcrumb\"},\"inLanguage\":\"en-US\",\"potentialAction\":[{\"@type\":\"ReadAction\",\"target\":[\"https:\\\/\\\/www.gozdnimoz.si\\\/product\\\/wooden-necklace-krivan-special-edition\\\/?lang=en\"]}]},{\"@type\":\"ImageObject\",\"inLanguage\":\"en-US\",\"@id\":\"https:\\\/\\\/www.gozdnimoz.si\\\/product\\\/wooden-necklace-krivan-special-edition\\\/?lang=en#primaryimage\",\"url\":\"https:\\\/\\\/www.gozdnimoz.si\\\/wp-content\\\/uploads\\\/2021\\\/05\\\/DANA-IVANOVA.jpg\",\"contentUrl\":\"https:\\\/\\\/www.gozdnimoz.si\\\/wp-content\\\/uploads\\\/2021\\\/05\\\/DANA-IVANOVA.jpg\",\"width\":720,\"height\":720},{\"@type\":\"BreadcrumbList\",\"@id\":\"https:\\\/\\\/www.gozdnimoz.si\\\/product\\\/wooden-necklace-krivan-special-edition\\\/?lang=en#breadcrumb\",\"itemListElement\":[{\"@type\":\"ListItem\",\"position\":1,\"name\":\"Home\",\"item\":\"https:\\\/\\\/www.gozdnimoz.si\\\/en\\\/\"},{\"@type\":\"ListItem\",\"position\":2,\"name\":\"Shop\",\"item\":\"https:\\\/\\\/www.gozdnimoz.si\\\/shop\\\/?lang=en\"},{\"@type\":\"ListItem\",\"position\":3,\"name\":\"Wooden necklace Kriv\u00e1\u0148 &#8211; SPECIAL EDITION\"}]},{\"@type\":\"WebSite\",\"@id\":\"https:\\\/\\\/www.gozdnimoz.si\\\/#website\",\"url\":\"https:\\\/\\\/www.gozdnimoz.si\\\/\",\"name\":\"Gozdni moz\",\"description\":\"Leseni izdelki\",\"publisher\":{\"@id\":\"https:\\\/\\\/www.gozdnimoz.si\\\/#organization\"},\"potentialAction\":[{\"@type\":\"SearchAction\",\"target\":{\"@type\":\"EntryPoint\",\"urlTemplate\":\"https:\\\/\\\/www.gozdnimoz.si\\\/?s={search_term_string}\"},\"query-input\":{\"@type\":\"PropertyValueSpecification\",\"valueRequired\":true,\"valueName\":\"search_term_string\"}}],\"inLanguage\":\"en-US\"},{\"@type\":\"Organization\",\"@id\":\"https:\\\/\\\/www.gozdnimoz.si\\\/#organization\",\"name\":\"GOZDNI MO\u017d\",\"url\":\"https:\\\/\\\/www.gozdnimoz.si\\\/\",\"logo\":{\"@type\":\"ImageObject\",\"inLanguage\":\"en-US\",\"@id\":\"https:\\\/\\\/www.gozdnimoz.si\\\/#\\\/schema\\\/logo\\\/image\\\/\",\"url\":\"https:\\\/\\\/www.gozdnimoz.si\\\/wp-content\\\/uploads\\\/2019\\\/08\\\/logo-mobilni-telefon2.png\",\"contentUrl\":\"https:\\\/\\\/www.gozdnimoz.si\\\/wp-content\\\/uploads\\\/2019\\\/08\\\/logo-mobilni-telefon2.png\",\"width\":633,\"height\":174,\"caption\":\"GOZDNI MO\u017d\"},\"image\":{\"@id\":\"https:\\\/\\\/www.gozdnimoz.si\\\/#\\\/schema\\\/logo\\\/image\\\/\"},\"sameAs\":[\"https:\\\/\\\/www.facebook.com\\\/Gozdnimoz1\\\/\",\"https:\\\/\\\/www.instagram.com\\\/gozdnimoz_woodcraft\\\/\"]}]}<\/script>\n<!-- \/ Yoast SEO plugin. -->","yoast_head_json":{"title":"Wooden necklace Kriv\u00e1\u0148 - SPECIAL EDITION - Gozdni mo\u017e","description":"A necklace with a mountain Kriv\u00e1\u0148 from Tatra collection in cooperation with Dana Ivanovov\u00e1.","robots":{"index":"index","follow":"follow","max-snippet":"max-snippet:-1","max-image-preview":"max-image-preview:large","max-video-preview":"max-video-preview:-1"},"canonical":"https:\/\/www.gozdnimoz.si\/product\/wooden-necklace-krivan-special-edition\/?lang=en","og_locale":"en_US","og_type":"article","og_title":"Wooden necklace Kriv\u00e1\u0148 - SPECIAL EDITION - Gozdni mo\u017e","og_description":"A necklace with a mountain Kriv\u00e1\u0148 from Tatra collection in cooperation with Dana Ivanovov\u00e1.","og_url":"https:\/\/www.gozdnimoz.si\/product\/wooden-necklace-krivan-special-edition\/?lang=en","og_site_name":"Gozdni mo\u017e","article_publisher":"https:\/\/www.facebook.com\/Gozdnimoz1\/","article_modified_time":"2021-05-28T12:40:52+00:00","og_image":[{"width":720,"height":720,"url":"https:\/\/www.gozdnimoz.si\/wp-content\/uploads\/2021\/05\/DANA-IVANOVA.jpg","type":"image\/jpeg"}],"twitter_card":"summary_large_image","twitter_misc":{"Est. reading time":"2 minutes"},"schema":{"@context":"https:\/\/schema.org","@graph":[{"@type":"WebPage","@id":"https:\/\/www.gozdnimoz.si\/product\/wooden-necklace-krivan-special-edition\/?lang=en","url":"https:\/\/www.gozdnimoz.si\/product\/wooden-necklace-krivan-special-edition\/?lang=en","name":"Wooden necklace Kriv\u00e1\u0148 - SPECIAL EDITION - Gozdni mo\u017e","isPartOf":{"@id":"https:\/\/www.gozdnimoz.si\/#website"},"primaryImageOfPage":{"@id":"https:\/\/www.gozdnimoz.si\/product\/wooden-necklace-krivan-special-edition\/?lang=en#primaryimage"},"image":{"@id":"https:\/\/www.gozdnimoz.si\/product\/wooden-necklace-krivan-special-edition\/?lang=en#primaryimage"},"thumbnailUrl":"https:\/\/www.gozdnimoz.si\/wp-content\/uploads\/2021\/05\/DANA-IVANOVA.jpg","datePublished":"2021-05-18T08:19:02+00:00","dateModified":"2021-05-28T12:40:52+00:00","description":"A necklace with a mountain Kriv\u00e1\u0148 from Tatra collection in cooperation with Dana Ivanovov\u00e1.","breadcrumb":{"@id":"https:\/\/www.gozdnimoz.si\/product\/wooden-necklace-krivan-special-edition\/?lang=en#breadcrumb"},"inLanguage":"en-US","potentialAction":[{"@type":"ReadAction","target":["https:\/\/www.gozdnimoz.si\/product\/wooden-necklace-krivan-special-edition\/?lang=en"]}]},{"@type":"ImageObject","inLanguage":"en-US","@id":"https:\/\/www.gozdnimoz.si\/product\/wooden-necklace-krivan-special-edition\/?lang=en#primaryimage","url":"https:\/\/www.gozdnimoz.si\/wp-content\/uploads\/2021\/05\/DANA-IVANOVA.jpg","contentUrl":"https:\/\/www.gozdnimoz.si\/wp-content\/uploads\/2021\/05\/DANA-IVANOVA.jpg","width":720,"height":720},{"@type":"BreadcrumbList","@id":"https:\/\/www.gozdnimoz.si\/product\/wooden-necklace-krivan-special-edition\/?lang=en#breadcrumb","itemListElement":[{"@type":"ListItem","position":1,"name":"Home","item":"https:\/\/www.gozdnimoz.si\/en\/"},{"@type":"ListItem","position":2,"name":"Shop","item":"https:\/\/www.gozdnimoz.si\/shop\/?lang=en"},{"@type":"ListItem","position":3,"name":"Wooden necklace Kriv\u00e1\u0148 &#8211; SPECIAL EDITION"}]},{"@type":"WebSite","@id":"https:\/\/www.gozdnimoz.si\/#website","url":"https:\/\/www.gozdnimoz.si\/","name":"Gozdni moz","description":"Leseni izdelki","publisher":{"@id":"https:\/\/www.gozdnimoz.si\/#organization"},"potentialAction":[{"@type":"SearchAction","target":{"@type":"EntryPoint","urlTemplate":"https:\/\/www.gozdnimoz.si\/?s={search_term_string}"},"query-input":{"@type":"PropertyValueSpecification","valueRequired":true,"valueName":"search_term_string"}}],"inLanguage":"en-US"},{"@type":"Organization","@id":"https:\/\/www.gozdnimoz.si\/#organization","name":"GOZDNI MO\u017d","url":"https:\/\/www.gozdnimoz.si\/","logo":{"@type":"ImageObject","inLanguage":"en-US","@id":"https:\/\/www.gozdnimoz.si\/#\/schema\/logo\/image\/","url":"https:\/\/www.gozdnimoz.si\/wp-content\/uploads\/2019\/08\/logo-mobilni-telefon2.png","contentUrl":"https:\/\/www.gozdnimoz.si\/wp-content\/uploads\/2019\/08\/logo-mobilni-telefon2.png","width":633,"height":174,"caption":"GOZDNI MO\u017d"},"image":{"@id":"https:\/\/www.gozdnimoz.si\/#\/schema\/logo\/image\/"},"sameAs":["https:\/\/www.facebook.com\/Gozdnimoz1\/","https:\/\/www.instagram.com\/gozdnimoz_woodcraft\/"]}]}},"_links":{"self":[{"href":"https:\/\/www.gozdnimoz.si\/en\/wp-json\/wp\/v2\/product\/15440","targetHints":{"allow":["GET"]}}],"collection":[{"href":"https:\/\/www.gozdnimoz.si\/en\/wp-json\/wp\/v2\/product"}],"about":[{"href":"https:\/\/www.gozdnimoz.si\/en\/wp-json\/wp\/v2\/types\/product"}],"replies":[{"embeddable":true,"href":"https:\/\/www.gozdnimoz.si\/en\/wp-json\/wp\/v2\/comments?post=15440"}],"version-history":[{"count":0,"href":"https:\/\/www.gozdnimoz.si\/en\/wp-json\/wp\/v2\/product\/15440\/revisions"}],"wp:featuredmedia":[{"embeddable":true,"href":"https:\/\/www.gozdnimoz.si\/en\/wp-json\/wp\/v2\/media\/15466"}],"wp:attachment":[{"href":"https:\/\/www.gozdnimoz.si\/en\/wp-json\/wp\/v2\/media?parent=15440"}],"wp:term":[{"taxonomy":"product_brand","embeddable":true,"href":"https:\/\/www.gozdnimoz.si\/en\/wp-json\/wp\/v2\/product_brand?post=15440"},{"taxonomy":"product_cat","embeddable":true,"href":"https:\/\/www.gozdnimoz.si\/en\/wp-json\/wp\/v2\/product_cat?post=15440"},{"taxonomy":"product_tag","embeddable":true,"href":"https:\/\/www.gozdnimoz.si\/en\/wp-json\/wp\/v2\/product_tag?post=15440"}],"curies":[{"name":"wp","href":"https:\/\/api.w.org\/{rel}","templated":true}]}}