{"id":6388,"date":"2019-06-07T09:29:44","date_gmt":"2019-06-07T09:29:44","guid":{"rendered":"https:\/\/gozdnimoz.si\/product\/import-placeholder-for-1754\/"},"modified":"2021-04-14T12:20:46","modified_gmt":"2021-04-14T12:20:46","slug":"lesena-ogrlica-macka","status":"publish","type":"product","link":"https:\/\/www.gozdnimoz.si\/en\/product\/lesena-ogrlica-macka\/","title":{"rendered":"Lesena ogrlica MA\u010cKA"},"content":{"rendered":"<p>Slovenski les: oreh<\/p>\n<p>Ve\u010d izbire na <a href=\"http:\/\/www.gozdnimoz.si\">GOZDNI MO\u017d<\/a><\/p>\n","protected":false},"excerpt":{"rendered":"<p style=\"text-align: center;\">Ogrlica z motivom ma\u010dke za vse tiste, ki vedo da je problem pri spanju z ma\u010dko v tem, da one raje spijo na tebi kot ob tebi.<\/p>\n<p style=\"text-align: center;\">In to sploh v bistvu sploh ni problem.<\/p>\n<p>&nbsp;<\/p>\n<p><img loading=\"lazy\" decoding=\"async\" class=\" wd-lazy-fade wp-image-11524 aligncenter\" src=\"https:\/\/www.gozdnimoz.si\/wp-content\/themes\/woodmart\/images\/lazy.svg\" data-src=\"https:\/\/www.gozdnimoz.si\/wp-content\/uploads\/2021\/02\/ikone-za-spletno-3navpicno.png\" alt=\"\" width=\"304\" height=\"301\" srcset=\"\" data-srcset=\"https:\/\/www.gozdnimoz.si\/wp-content\/uploads\/2021\/02\/ikone-za-spletno-3navpicno.png 817w, https:\/\/www.gozdnimoz.si\/wp-content\/uploads\/2021\/02\/ikone-za-spletno-3navpicno-80x80.png 80w, https:\/\/www.gozdnimoz.si\/wp-content\/uploads\/2021\/02\/ikone-za-spletno-3navpicno-768x762.png 768w, https:\/\/www.gozdnimoz.si\/wp-content\/uploads\/2021\/02\/ikone-za-spletno-3navpicno-150x149.png 150w\" sizes=\"auto, (max-width: 304px) 100vw, 304px\" \/><\/p>\n<p style=\"text-align: center;\">Slovenski les: oreh<\/p>\n<p style=\"text-align: center;\">Ve\u010d izbire na <a href=\"http:\/\/www.gozdnimoz.si\">GOZDNI MO\u017d<\/a><\/p>\n","protected":false},"featured_media":14603,"comment_status":"closed","ping_status":"closed","template":"","meta":[],"product_brand":[],"product_cat":[16],"product_tag":[],"class_list":{"0":"post-6388","1":"product","2":"type-product","3":"status-publish","4":"has-post-thumbnail","6":"product_cat-lesen-nakit","8":"first","9":"instock","10":"taxable","11":"shipping-taxable","12":"purchasable","13":"product-type-simple"},"yoast_head":"<!-- This site is optimized with the Yoast SEO plugin v27.5 - https:\/\/yoast.com\/product\/yoast-seo-wordpress\/ -->\n<title>Lesena ogrlica MA\u010cKA - Gozdni mo\u017e - za ljubitelje ma\u010dk<\/title>\n<meta name=\"description\" content=\"Lesena ogrlica v obliki sr\u010dka z motivom ljubke MA\u010cKE. Ro\u010dno narejeno v Sloveniji z ljubeznijo. Za ljubitelje kosmatih crkljivcev.\" \/>\n<meta name=\"robots\" content=\"index, follow, max-snippet:-1, max-image-preview:large, max-video-preview:-1\" \/>\n<link rel=\"canonical\" href=\"https:\/\/www.gozdnimoz.si\/product\/lesena-ogrlica-macka\/?lang=en\" \/>\n<meta property=\"og:locale\" content=\"en_US\" \/>\n<meta property=\"og:type\" content=\"article\" \/>\n<meta property=\"og:title\" content=\"Lesena ogrlica MA\u010cKA - Gozdni mo\u017e - za ljubitelje ma\u010dk\" \/>\n<meta property=\"og:description\" content=\"Lesena ogrlica v obliki sr\u010dka z motivom ljubke MA\u010cKE. Ro\u010dno narejeno v Sloveniji z ljubeznijo. Za ljubitelje kosmatih crkljivcev.\" \/>\n<meta property=\"og:url\" content=\"https:\/\/www.gozdnimoz.si\/product\/lesena-ogrlica-macka\/?lang=en\" \/>\n<meta property=\"og:site_name\" content=\"Gozdni mo\u017e\" \/>\n<meta property=\"article:publisher\" content=\"https:\/\/www.facebook.com\/Gozdnimoz1\/\" \/>\n<meta property=\"article:modified_time\" content=\"2021-04-14T12:20:46+00:00\" \/>\n<meta property=\"og:image\" content=\"https:\/\/www.gozdnimoz.si\/wp-content\/uploads\/2019\/06\/lesena-ogrlica-muca-gozdni-moz.jpg\" \/>\n\t<meta property=\"og:image:width\" content=\"600\" \/>\n\t<meta property=\"og:image:height\" content=\"600\" \/>\n\t<meta property=\"og:image:type\" content=\"image\/jpeg\" \/>\n<meta name=\"twitter:card\" content=\"summary_large_image\" \/>\n<meta name=\"twitter:label1\" content=\"Est. reading time\" \/>\n\t<meta name=\"twitter:data1\" content=\"1 minute\" \/>\n<script type=\"application\/ld+json\" class=\"yoast-schema-graph\">{\"@context\":\"https:\\\/\\\/schema.org\",\"@graph\":[{\"@type\":\"WebPage\",\"@id\":\"https:\\\/\\\/www.gozdnimoz.si\\\/product\\\/lesena-ogrlica-macka\\\/?lang=en\",\"url\":\"https:\\\/\\\/www.gozdnimoz.si\\\/product\\\/lesena-ogrlica-macka\\\/?lang=en\",\"name\":\"Lesena ogrlica MA\u010cKA - Gozdni mo\u017e - za ljubitelje ma\u010dk\",\"isPartOf\":{\"@id\":\"https:\\\/\\\/www.gozdnimoz.si\\\/#website\"},\"primaryImageOfPage\":{\"@id\":\"https:\\\/\\\/www.gozdnimoz.si\\\/product\\\/lesena-ogrlica-macka\\\/?lang=en#primaryimage\"},\"image\":{\"@id\":\"https:\\\/\\\/www.gozdnimoz.si\\\/product\\\/lesena-ogrlica-macka\\\/?lang=en#primaryimage\"},\"thumbnailUrl\":\"https:\\\/\\\/www.gozdnimoz.si\\\/wp-content\\\/uploads\\\/2019\\\/06\\\/lesena-ogrlica-muca-gozdni-moz.jpg\",\"datePublished\":\"2019-06-07T09:29:44+00:00\",\"dateModified\":\"2021-04-14T12:20:46+00:00\",\"description\":\"Lesena ogrlica v obliki sr\u010dka z motivom ljubke MA\u010cKE. Ro\u010dno narejeno v Sloveniji z ljubeznijo. Za ljubitelje kosmatih crkljivcev.\",\"breadcrumb\":{\"@id\":\"https:\\\/\\\/www.gozdnimoz.si\\\/product\\\/lesena-ogrlica-macka\\\/?lang=en#breadcrumb\"},\"inLanguage\":\"en-US\",\"potentialAction\":[{\"@type\":\"ReadAction\",\"target\":[\"https:\\\/\\\/www.gozdnimoz.si\\\/product\\\/lesena-ogrlica-macka\\\/?lang=en\"]}]},{\"@type\":\"ImageObject\",\"inLanguage\":\"en-US\",\"@id\":\"https:\\\/\\\/www.gozdnimoz.si\\\/product\\\/lesena-ogrlica-macka\\\/?lang=en#primaryimage\",\"url\":\"https:\\\/\\\/www.gozdnimoz.si\\\/wp-content\\\/uploads\\\/2019\\\/06\\\/lesena-ogrlica-muca-gozdni-moz.jpg\",\"contentUrl\":\"https:\\\/\\\/www.gozdnimoz.si\\\/wp-content\\\/uploads\\\/2019\\\/06\\\/lesena-ogrlica-muca-gozdni-moz.jpg\",\"width\":600,\"height\":600,\"caption\":\"lesena ogrlica muca gozdni mo\u017e\"},{\"@type\":\"BreadcrumbList\",\"@id\":\"https:\\\/\\\/www.gozdnimoz.si\\\/product\\\/lesena-ogrlica-macka\\\/?lang=en#breadcrumb\",\"itemListElement\":[{\"@type\":\"ListItem\",\"position\":1,\"name\":\"Home\",\"item\":\"https:\\\/\\\/www.gozdnimoz.si\\\/en\\\/\"},{\"@type\":\"ListItem\",\"position\":2,\"name\":\"Shop\",\"item\":\"https:\\\/\\\/www.gozdnimoz.si\\\/shop\\\/?lang=en\"},{\"@type\":\"ListItem\",\"position\":3,\"name\":\"Lesena ogrlica MA\u010cKA\"}]},{\"@type\":\"WebSite\",\"@id\":\"https:\\\/\\\/www.gozdnimoz.si\\\/#website\",\"url\":\"https:\\\/\\\/www.gozdnimoz.si\\\/\",\"name\":\"Gozdni moz\",\"description\":\"Leseni izdelki\",\"publisher\":{\"@id\":\"https:\\\/\\\/www.gozdnimoz.si\\\/#organization\"},\"potentialAction\":[{\"@type\":\"SearchAction\",\"target\":{\"@type\":\"EntryPoint\",\"urlTemplate\":\"https:\\\/\\\/www.gozdnimoz.si\\\/?s={search_term_string}\"},\"query-input\":{\"@type\":\"PropertyValueSpecification\",\"valueRequired\":true,\"valueName\":\"search_term_string\"}}],\"inLanguage\":\"en-US\"},{\"@type\":\"Organization\",\"@id\":\"https:\\\/\\\/www.gozdnimoz.si\\\/#organization\",\"name\":\"GOZDNI MO\u017d\",\"url\":\"https:\\\/\\\/www.gozdnimoz.si\\\/\",\"logo\":{\"@type\":\"ImageObject\",\"inLanguage\":\"en-US\",\"@id\":\"https:\\\/\\\/www.gozdnimoz.si\\\/#\\\/schema\\\/logo\\\/image\\\/\",\"url\":\"https:\\\/\\\/www.gozdnimoz.si\\\/wp-content\\\/uploads\\\/2019\\\/08\\\/logo-mobilni-telefon2.png\",\"contentUrl\":\"https:\\\/\\\/www.gozdnimoz.si\\\/wp-content\\\/uploads\\\/2019\\\/08\\\/logo-mobilni-telefon2.png\",\"width\":633,\"height\":174,\"caption\":\"GOZDNI MO\u017d\"},\"image\":{\"@id\":\"https:\\\/\\\/www.gozdnimoz.si\\\/#\\\/schema\\\/logo\\\/image\\\/\"},\"sameAs\":[\"https:\\\/\\\/www.facebook.com\\\/Gozdnimoz1\\\/\",\"https:\\\/\\\/www.instagram.com\\\/gozdnimoz_woodcraft\\\/\"]}]}<\/script>\n<!-- \/ Yoast SEO plugin. -->","yoast_head_json":{"title":"Lesena ogrlica MA\u010cKA - Gozdni mo\u017e - za ljubitelje ma\u010dk","description":"Lesena ogrlica v obliki sr\u010dka z motivom ljubke MA\u010cKE. Ro\u010dno narejeno v Sloveniji z ljubeznijo. Za ljubitelje kosmatih crkljivcev.","robots":{"index":"index","follow":"follow","max-snippet":"max-snippet:-1","max-image-preview":"max-image-preview:large","max-video-preview":"max-video-preview:-1"},"canonical":"https:\/\/www.gozdnimoz.si\/product\/lesena-ogrlica-macka\/?lang=en","og_locale":"en_US","og_type":"article","og_title":"Lesena ogrlica MA\u010cKA - Gozdni mo\u017e - za ljubitelje ma\u010dk","og_description":"Lesena ogrlica v obliki sr\u010dka z motivom ljubke MA\u010cKE. Ro\u010dno narejeno v Sloveniji z ljubeznijo. Za ljubitelje kosmatih crkljivcev.","og_url":"https:\/\/www.gozdnimoz.si\/product\/lesena-ogrlica-macka\/?lang=en","og_site_name":"Gozdni mo\u017e","article_publisher":"https:\/\/www.facebook.com\/Gozdnimoz1\/","article_modified_time":"2021-04-14T12:20:46+00:00","og_image":[{"width":600,"height":600,"url":"https:\/\/www.gozdnimoz.si\/wp-content\/uploads\/2019\/06\/lesena-ogrlica-muca-gozdni-moz.jpg","type":"image\/jpeg"}],"twitter_card":"summary_large_image","twitter_misc":{"Est. reading time":"1 minute"},"schema":{"@context":"https:\/\/schema.org","@graph":[{"@type":"WebPage","@id":"https:\/\/www.gozdnimoz.si\/product\/lesena-ogrlica-macka\/?lang=en","url":"https:\/\/www.gozdnimoz.si\/product\/lesena-ogrlica-macka\/?lang=en","name":"Lesena ogrlica MA\u010cKA - Gozdni mo\u017e - za ljubitelje ma\u010dk","isPartOf":{"@id":"https:\/\/www.gozdnimoz.si\/#website"},"primaryImageOfPage":{"@id":"https:\/\/www.gozdnimoz.si\/product\/lesena-ogrlica-macka\/?lang=en#primaryimage"},"image":{"@id":"https:\/\/www.gozdnimoz.si\/product\/lesena-ogrlica-macka\/?lang=en#primaryimage"},"thumbnailUrl":"https:\/\/www.gozdnimoz.si\/wp-content\/uploads\/2019\/06\/lesena-ogrlica-muca-gozdni-moz.jpg","datePublished":"2019-06-07T09:29:44+00:00","dateModified":"2021-04-14T12:20:46+00:00","description":"Lesena ogrlica v obliki sr\u010dka z motivom ljubke MA\u010cKE. Ro\u010dno narejeno v Sloveniji z ljubeznijo. Za ljubitelje kosmatih crkljivcev.","breadcrumb":{"@id":"https:\/\/www.gozdnimoz.si\/product\/lesena-ogrlica-macka\/?lang=en#breadcrumb"},"inLanguage":"en-US","potentialAction":[{"@type":"ReadAction","target":["https:\/\/www.gozdnimoz.si\/product\/lesena-ogrlica-macka\/?lang=en"]}]},{"@type":"ImageObject","inLanguage":"en-US","@id":"https:\/\/www.gozdnimoz.si\/product\/lesena-ogrlica-macka\/?lang=en#primaryimage","url":"https:\/\/www.gozdnimoz.si\/wp-content\/uploads\/2019\/06\/lesena-ogrlica-muca-gozdni-moz.jpg","contentUrl":"https:\/\/www.gozdnimoz.si\/wp-content\/uploads\/2019\/06\/lesena-ogrlica-muca-gozdni-moz.jpg","width":600,"height":600,"caption":"lesena ogrlica muca gozdni mo\u017e"},{"@type":"BreadcrumbList","@id":"https:\/\/www.gozdnimoz.si\/product\/lesena-ogrlica-macka\/?lang=en#breadcrumb","itemListElement":[{"@type":"ListItem","position":1,"name":"Home","item":"https:\/\/www.gozdnimoz.si\/en\/"},{"@type":"ListItem","position":2,"name":"Shop","item":"https:\/\/www.gozdnimoz.si\/shop\/?lang=en"},{"@type":"ListItem","position":3,"name":"Lesena ogrlica MA\u010cKA"}]},{"@type":"WebSite","@id":"https:\/\/www.gozdnimoz.si\/#website","url":"https:\/\/www.gozdnimoz.si\/","name":"Gozdni moz","description":"Leseni izdelki","publisher":{"@id":"https:\/\/www.gozdnimoz.si\/#organization"},"potentialAction":[{"@type":"SearchAction","target":{"@type":"EntryPoint","urlTemplate":"https:\/\/www.gozdnimoz.si\/?s={search_term_string}"},"query-input":{"@type":"PropertyValueSpecification","valueRequired":true,"valueName":"search_term_string"}}],"inLanguage":"en-US"},{"@type":"Organization","@id":"https:\/\/www.gozdnimoz.si\/#organization","name":"GOZDNI MO\u017d","url":"https:\/\/www.gozdnimoz.si\/","logo":{"@type":"ImageObject","inLanguage":"en-US","@id":"https:\/\/www.gozdnimoz.si\/#\/schema\/logo\/image\/","url":"https:\/\/www.gozdnimoz.si\/wp-content\/uploads\/2019\/08\/logo-mobilni-telefon2.png","contentUrl":"https:\/\/www.gozdnimoz.si\/wp-content\/uploads\/2019\/08\/logo-mobilni-telefon2.png","width":633,"height":174,"caption":"GOZDNI MO\u017d"},"image":{"@id":"https:\/\/www.gozdnimoz.si\/#\/schema\/logo\/image\/"},"sameAs":["https:\/\/www.facebook.com\/Gozdnimoz1\/","https:\/\/www.instagram.com\/gozdnimoz_woodcraft\/"]}]}},"_links":{"self":[{"href":"https:\/\/www.gozdnimoz.si\/en\/wp-json\/wp\/v2\/product\/6388","targetHints":{"allow":["GET"]}}],"collection":[{"href":"https:\/\/www.gozdnimoz.si\/en\/wp-json\/wp\/v2\/product"}],"about":[{"href":"https:\/\/www.gozdnimoz.si\/en\/wp-json\/wp\/v2\/types\/product"}],"replies":[{"embeddable":true,"href":"https:\/\/www.gozdnimoz.si\/en\/wp-json\/wp\/v2\/comments?post=6388"}],"version-history":[{"count":0,"href":"https:\/\/www.gozdnimoz.si\/en\/wp-json\/wp\/v2\/product\/6388\/revisions"}],"wp:featuredmedia":[{"embeddable":true,"href":"https:\/\/www.gozdnimoz.si\/en\/wp-json\/wp\/v2\/media\/14603"}],"wp:attachment":[{"href":"https:\/\/www.gozdnimoz.si\/en\/wp-json\/wp\/v2\/media?parent=6388"}],"wp:term":[{"taxonomy":"product_brand","embeddable":true,"href":"https:\/\/www.gozdnimoz.si\/en\/wp-json\/wp\/v2\/product_brand?post=6388"},{"taxonomy":"product_cat","embeddable":true,"href":"https:\/\/www.gozdnimoz.si\/en\/wp-json\/wp\/v2\/product_cat?post=6388"},{"taxonomy":"product_tag","embeddable":true,"href":"https:\/\/www.gozdnimoz.si\/en\/wp-json\/wp\/v2\/product_tag?post=6388"}],"curies":[{"name":"wp","href":"https:\/\/api.w.org\/{rel}","templated":true}]}}